{"id":342,"date":"2025-04-11T17:41:45","date_gmt":"2025-04-11T17:41:45","guid":{"rendered":"https:\/\/dfsksweden.com\/disclaimer\/"},"modified":"2026-01-15T14:29:29","modified_gmt":"2026-01-15T14:29:29","slug":"disclaimer","status":"publish","type":"page","link":"https:\/\/dfsksweden.com\/sv\/disclaimer\/","title":{"rendered":"Ansvarsfriskrivning"},"content":{"rendered":"<!-- Legal document generated by Complianz | GDPR\/CCPA Cookie Consent https:\/\/wordpress.org\/plugins\/complianz-gdpr -->\n<div id=\"cmplz-document\" class=\"cmplz-document disclaimer cmplz-document-all\"><p>Novus Cars Group O\u00dc har \u00e5tagit sig att h\u00e5lla denna webbplats uppdaterad och korrekt. Om du \u00e4nd\u00e5 skulle st\u00f6ta p\u00e5 n\u00e5got som \u00e4r felaktigt eller inaktuellt skulle vi uppskatta om du kunde meddela oss detta. V\u00e4nligen ange var p\u00e5 webbplatsen du l\u00e4ste informationen. Vi kommer sedan att titta p\u00e5 detta s\u00e5 snart som m\u00f6jligt. Skicka ditt svar via e-post till: <span class=\"cmplz-obfuscate\">&#105;&#110;&#102;&#111;@<span class=\"cmplz-fmail-domain\">ex.com<\/span>novuscars.com<\/span>.<\/p><p>Vi \u00e4r inte ansvariga f\u00f6r f\u00f6rlust som beror p\u00e5 felaktigheter eller ofullst\u00e4ndighet, eller f\u00f6r f\u00f6rlust som beror p\u00e5 problem som orsaker av eller \u00e4r f\u00f6rknippade med spridning av information via internet, s\u00e5som st\u00f6rningar eller avbrott. N\u00e4r du anv\u00e4nder webbformul\u00e4r str\u00e4var vi efter att begr\u00e4nsat antal obligatoriska f\u00e4lt till ett minimum. F\u00f6r f\u00f6rlust som uppst\u00e5r till f\u00f6ljd av anv\u00e4ndning av data, r\u00e5d eller id\u00e9er som tillhandah\u00e5lls av eller f\u00f6r Novus Cars Group O\u00dc r\u00e4kning via denna webbplats, accepterar Novus Cars Group O\u00dc inget ansvar.<\/p><p>Alla personuppgifter som du ger oss i samband med ditt svar eller din beg\u00e4ran om information kommer endast att anv\u00e4ndas i enlighet med v\u00e5r integritetspolicy.<\/p><p>Novus Cars Group O\u00dc ska g\u00f6ra alla rimliga anstr\u00e4ngningar f\u00f6r att skydda sina system mot alla tidigare olaglig anv\u00e4ndning. Novus Cars Group O\u00dc ska vidta l\u00e4mpliga tekniska och organisatoriska \u00e5tg\u00e4rder f\u00f6r detta \u00e4ndam\u00e5l, med h\u00e4nsyn till bland annat den senaste tekniken. F\u00f6retaget ska dock inte vara ansvarig f\u00f6r n\u00e5gon som helst f\u00f6rlust, direkt och\/eller indirekt, som anv\u00e4ndare av webbplatsen lider till f\u00f6ljd av att en tredje del anv\u00e4nder sitt system p\u00e5 ett olagligt s\u00e4tt.<\/p><p>Novus Cars Group O\u00dc tar inget ansvar f\u00f6r inneh\u00e5llet p\u00e5 webbplatsen som det finns en hyperl\u00e4nk eller annan h\u00e4nvisning till eller fr\u00e5n. Produkter eller tj\u00e4nster som erbjuds av tredje part ska omfattas av tredje parters till\u00e4mpliga villkor.<\/p><p>V\u00e5ra anst\u00e4llda ska g\u00f6ra allt det kan f\u00f6r att garantera att v\u00e5r webbplats \u00e4r tillg\u00e4nglig och f\u00f6r att kontinuerligt f\u00f6rb\u00e4ttra den. \u00c4ven f\u00f6r personer som anv\u00e4nder s\u00e4rskild programvara p\u00e5 grund av en funktionshinder.<\/p><p>Alla immateriella r\u00e4ttigheter till inneh\u00e5llet p\u00e5 denna webbplats tillh\u00f6r Novus Cars Group O\u00dc eller tredje part som har placerat inneh\u00e5llet eller fr\u00e5n vilka Novus Cars Group O\u00dc har erh\u00e5llit en anv\u00e4ndarlicens.<\/p><p>Kopiering, spridning och all annan anv\u00e4ndning av detta material \u00e4r inte till\u00e5ten utan skriftlig tillst\u00e5nd fr\u00e5n Novus Cars Group O\u00dc, utom och endast i den m\u00e5n det f\u00f6reskrivs i best\u00e4mmelser i tvingande lagstiftning (t.ex. r\u00e4tten att citera), om inte annat f\u00f6ljer av det specifika inneh\u00e5llet.<\/p><p>Om du har n\u00e5gra fr\u00e5gor eller problem med webbplatsens tillg\u00e4nglighet, tveka inte att kontakta oss.<\/p><\/div>","protected":false},"excerpt":{"rendered":"","protected":false},"author":1,"featured_media":0,"parent":0,"menu_order":0,"comment_status":"closed","ping_status":"closed","template":"","meta":{"footnotes":""},"class_list":["post-342","page","type-page","status-publish","hentry"],"_links":{"self":[{"href":"https:\/\/dfsksweden.com\/sv\/wp-json\/wp\/v2\/pages\/342","targetHints":{"allow":["GET"]}}],"collection":[{"href":"https:\/\/dfsksweden.com\/sv\/wp-json\/wp\/v2\/pages"}],"about":[{"href":"https:\/\/dfsksweden.com\/sv\/wp-json\/wp\/v2\/types\/page"}],"author":[{"embeddable":true,"href":"https:\/\/dfsksweden.com\/sv\/wp-json\/wp\/v2\/users\/1"}],"replies":[{"embeddable":true,"href":"https:\/\/dfsksweden.com\/sv\/wp-json\/wp\/v2\/comments?post=342"}],"version-history":[{"count":1,"href":"https:\/\/dfsksweden.com\/sv\/wp-json\/wp\/v2\/pages\/342\/revisions"}],"predecessor-version":[{"id":374,"href":"https:\/\/dfsksweden.com\/sv\/wp-json\/wp\/v2\/pages\/342\/revisions\/374"}],"wp:attachment":[{"href":"https:\/\/dfsksweden.com\/sv\/wp-json\/wp\/v2\/media?parent=342"}],"curies":[{"name":"wp","href":"https:\/\/api.w.org\/{rel}","templated":true}]}}