{"id":341,"date":"2025-04-11T17:41:45","date_gmt":"2025-04-11T17:41:45","guid":{"rendered":"https:\/\/dfsksweden.com\/imprint\/"},"modified":"2026-01-15T14:29:30","modified_gmt":"2026-01-15T14:29:30","slug":"imprint","status":"publish","type":"page","link":"https:\/\/dfsksweden.com\/sv\/imprint\/","title":{"rendered":"Avtryck"},"content":{"rendered":"<!-- Legal document generated by Complianz | GDPR\/CCPA Cookie Consent https:\/\/wordpress.org\/plugins\/complianz-gdpr -->\n<div id=\"cmplz-document\" class=\"cmplz-document impressum cmplz-document-all\"><p><i>Det h\u00e4r avtrycket uppdaterades senast den maj 15, 2025.<\/i><\/p><p class=\"cmplz-subtitle\">\u00c4garen till denna webbplats \u00e4r:<\/p><p>Novus Cars Group O\u00dc Privat aktiebolag<br>Harju maakond, Tallinn, Kristiine linnaosa,<br \/>\nTulika tn 15, 10613, Estland<br>Estland<br>E-post:&nbsp;<span class=\"cmplz-obfuscate\">info@<span class=\"cmplz-fmail-domain\">ex.com<\/span>novusca&#114;s&#046;&#099;om<\/span><br>Telefonnummer: +46722369337<br>Momsnummer: EE102625969<\/p><p class=\"cmplz-subtitle\">Den lagliga f\u00f6retr\u00e4daren (de lagliga f\u00f6retr\u00e4darna) f\u00f6r Novus Cars Group O\u00dc Privat aktiebolag:<\/p><p>R\u00f6stem Hairedin<\/p><h2>1. Allm\u00e4nst<\/h2><p class=\"cmplz-subtitle\">1.1 Vi \u00e4r registrerade p\u00e5 Estonia E-Business Register med licens- eller registreringsnummer:<\/p><p>16756527<\/p><p>Vi \u00e4r inte villiga eller skyldiga att delta i tvistl\u00f6sningsf\u00f6rfaranden inf\u00f6r en skiljen\u00e4mnd f\u00f6r konsumenttvister.<\/p><p class=\"cmplz-subtitle\">1.2 Wir stellen journalistische und redaktionell aufbereitete Inhalte zur Verf\u00fcgung.<\/p><p>Daher m\u00fcssen wir den Namen och den Wohnort der Person nennen, die f\u00fcr den Inhalt dieser Webbplatsen verantwortlich ist:<br \/><br \/>Verantwortlich f\u00fcr den Inhalt nach \u00a7 18 Abs. 2 MStV ist: Olga Kiljala aus Tallinn.<\/p><\/div>","protected":false},"excerpt":{"rendered":"","protected":false},"author":1,"featured_media":0,"parent":0,"menu_order":0,"comment_status":"closed","ping_status":"closed","template":"","meta":{"footnotes":""},"class_list":["post-341","page","type-page","status-publish","hentry"],"_links":{"self":[{"href":"https:\/\/dfsksweden.com\/sv\/wp-json\/wp\/v2\/pages\/341","targetHints":{"allow":["GET"]}}],"collection":[{"href":"https:\/\/dfsksweden.com\/sv\/wp-json\/wp\/v2\/pages"}],"about":[{"href":"https:\/\/dfsksweden.com\/sv\/wp-json\/wp\/v2\/types\/page"}],"author":[{"embeddable":true,"href":"https:\/\/dfsksweden.com\/sv\/wp-json\/wp\/v2\/users\/1"}],"replies":[{"embeddable":true,"href":"https:\/\/dfsksweden.com\/sv\/wp-json\/wp\/v2\/comments?post=341"}],"version-history":[{"count":1,"href":"https:\/\/dfsksweden.com\/sv\/wp-json\/wp\/v2\/pages\/341\/revisions"}],"predecessor-version":[{"id":375,"href":"https:\/\/dfsksweden.com\/sv\/wp-json\/wp\/v2\/pages\/341\/revisions\/375"}],"wp:attachment":[{"href":"https:\/\/dfsksweden.com\/sv\/wp-json\/wp\/v2\/media?parent=341"}],"curies":[{"name":"wp","href":"https:\/\/api.w.org\/{rel}","templated":true}]}}